{"id":8,"date":"2018-06-04T10:11:56","date_gmt":"2018-06-04T10:11:56","guid":{"rendered":"http:\/\/dops.clinx.ch\/?page_id=8"},"modified":"2020-03-28T08:33:01","modified_gmt":"2020-03-28T08:33:01","slug":"ueber-mich","status":"publish","type":"page","link":"https:\/\/www.perfectstitches.ch\/?page_id=8","title":{"rendered":"\u00dcber mich"},"content":{"rendered":"<p>Ein verregneter Sommerurlaub in Schweden, viele Stoffreste, die vom N\u00e4hen von Kleidung \u00fcbrig geblieben waren und die Neugier neue Handarbeitstechniken zu erlernen. So kam ich 2009 zum Patchwork. Das Ziel war, die vielen Stoffreste sinnvoll zu verarbeiten und wieder Platz zu schaffen im Schrank. Mittlerweile habe ich ungleich mehr Stoff im Schrank &#8211; das Ziel also voll verfehlt \ud83d\ude09 Aber immerhin habe ich viele neue Techniken erlernt und tolle Tops sind entstanden.<\/p>\n<p>Bald war mir das Quilten im Nahtschatten zu langweilig. Die Bilder von kunstvoll freihand gequilteten Werken zogen mich in ihren Bann. Inspiriert von K\u00fcnstlerinnen wie <a href=\"http:\/\/jennybowker.blogspot.com\/2010\/09\/houston-class.html\">Jenny Bowker<\/a>, <a href=\"https:\/\/www.patsythompsondesigns.com\/\">Patsy Thompson<\/a> und <a href=\"http:\/\/www.philippanaylor.com\/quilting-in-the-limelight.html\">Philippa Naylor<\/a> begann <strong>2012 <\/strong>meine Reise in dieses Abenteuer. In dieser Zeit bin ich auf die Challenge von <a href=\"https:\/\/leahday.com\/pages\/quilting-design-gallery\">Leah Day<\/a> gestossen &#8211; Leah hatte 2009 t\u00e4glich ein Tutorial f\u00fcr ein neues Quiltmuster online gestellt. F\u00fcr mich war das die Motivation 1 Stunde Quilt\u00fcbungen pro Tag zu absolvieren.<\/p>\n<p>Seither sind viele Wandbeh\u00e4nge auf meiner Bernina QE 440 entstanden.\u00a0 Inspiriert von Werken von <strong>Longarm K\u00fcnstlerinnen<\/strong> wie <a href=\"https:\/\/www.lisahcalle.com\/\">Lisa H. Calle<\/a>, J<a href=\"https:\/\/www.judimadsen.com\/\">udi Madsen<\/a>, <a href=\"http:\/\/mctavishquilting.com\/\">Karen McTavish<\/a> etc. wurde jedoch bald der Wunsch nach einer Longarm Maschine wach. 2018 habe ich diesen Traum verwirklicht. Aus- und Weiterbildung verfolge ich sowohl autodidaktisch als auch an Kursen, 2018 bei <a href=\"https:\/\/www.lisahcalle.com\/\">Lisa H. Calle<\/a> und <a href=\"http:\/\/www.thequiltquine.com\/\">Linzi Upton<\/a>. 2019 und 2020 Workshops bei <a href=\"https:\/\/www.buchbinderei-steiner.ch\/quilts\/\">Iva Steiner<\/a>.\u00a0<\/p>\n<p>&nbsp;<\/p>\n","protected":false},"excerpt":{"rendered":"<p>Ein verregneter Sommerurlaub in Schweden, viele Stoffreste, die vom N\u00e4hen von Kleidung \u00fcbrig geblieben waren und die Neugier neue Handarbeitstechniken zu erlernen. So kam ich 2009 zum Patchwork. Das Ziel war, die vielen Stoffreste sinnvoll zu verarbeiten und wieder Platz zu schaffen im Schrank. Mittlerweile &hellip; <a href=\"https:\/\/www.perfectstitches.ch\/?page_id=8\" class=\"more-link\"><span>Weiterlesen &#8230;<span class=\"screen-reader-text\">\u00dcber mich<\/span><\/span><\/a><\/p>\n","protected":false},"author":1,"featured_media":0,"parent":0,"menu_order":20,"comment_status":"closed","ping_status":"closed","template":"","meta":[],"_links":{"self":[{"href":"https:\/\/www.perfectstitches.ch\/index.php?rest_route=\/wp\/v2\/pages\/8"}],"collection":[{"href":"https:\/\/www.perfectstitches.ch\/index.php?rest_route=\/wp\/v2\/pages"}],"about":[{"href":"https:\/\/www.perfectstitches.ch\/index.php?rest_route=\/wp\/v2\/types\/page"}],"author":[{"embeddable":true,"href":"https:\/\/www.perfectstitches.ch\/index.php?rest_route=\/wp\/v2\/users\/1"}],"replies":[{"embeddable":true,"href":"https:\/\/www.perfectstitches.ch\/index.php?rest_route=%2Fwp%2Fv2%2Fcomments&post=8"}],"version-history":[{"count":10,"href":"https:\/\/www.perfectstitches.ch\/index.php?rest_route=\/wp\/v2\/pages\/8\/revisions"}],"predecessor-version":[{"id":475,"href":"https:\/\/www.perfectstitches.ch\/index.php?rest_route=\/wp\/v2\/pages\/8\/revisions\/475"}],"wp:attachment":[{"href":"https:\/\/www.perfectstitches.ch\/index.php?rest_route=%2Fwp%2Fv2%2Fmedia&parent=8"}],"curies":[{"name":"wp","href":"https:\/\/api.w.org\/{rel}","templated":true}]}}