{"id":466,"date":"2020-03-28T08:21:12","date_gmt":"2020-03-28T08:21:12","guid":{"rendered":"https:\/\/www.perfectstitches.ch\/?page_id=466"},"modified":"2020-03-28T08:52:24","modified_gmt":"2020-03-28T08:52:24","slug":"longarm-quilting-musteruebungen","status":"publish","type":"page","link":"https:\/\/www.perfectstitches.ch\/?page_id=466","title":{"rendered":"Longarm Quilting &#8211; Muster\u00fcbungen"},"content":{"rendered":"<h3><strong>Longarm Quilting auf der Bernina Q24<\/strong><\/h3>\n<figure class=\"wp-block-image\"><div id='gallery-1' class='gallery galleryid-466 gallery-columns-3 gallery-size-full'><figure class='gallery-item'>\n\t\t\t<div class='gallery-icon portrait'>\n\t\t\t\t<a href='https:\/\/www.perfectstitches.ch\/wp-content\/uploads\/2019\/02\/rulerwork-gesamt-e1551011142805.jpg'><img width=\"800\" height=\"803\" src=\"https:\/\/www.perfectstitches.ch\/wp-content\/uploads\/2019\/02\/rulerwork-gesamt-e1551011142805.jpg\" class=\"attachment-full size-full\" alt=\"\" loading=\"lazy\" aria-describedby=\"gallery-1-97\" srcset=\"https:\/\/www.perfectstitches.ch\/wp-content\/uploads\/2019\/02\/rulerwork-gesamt-e1551011142805.jpg 800w, https:\/\/www.perfectstitches.ch\/wp-content\/uploads\/2019\/02\/rulerwork-gesamt-e1551011142805-150x150.jpg 150w, https:\/\/www.perfectstitches.ch\/wp-content\/uploads\/2019\/02\/rulerwork-gesamt-e1551011142805-300x300.jpg 300w, https:\/\/www.perfectstitches.ch\/wp-content\/uploads\/2019\/02\/rulerwork-gesamt-e1551011142805-768x771.jpg 768w\" sizes=\"(max-width: 800px) 100vw, 800px\" \/><\/a>\n\t\t\t<\/div>\n\t\t\t\t<figcaption class='wp-caption-text gallery-caption' id='gallery-1-97'>\n\t\t\t\tRulerwork Sampler &#8211; eine \u00dcbung\n\t\t\t\t<\/figcaption><\/figure><figure class='gallery-item'>\n\t\t\t<div class='gallery-icon portrait'>\n\t\t\t\t<a href='https:\/\/www.perfectstitches.ch\/wp-content\/uploads\/2019\/02\/rulerwork_grid.jpg'><img width=\"800\" height=\"973\" src=\"https:\/\/www.perfectstitches.ch\/wp-content\/uploads\/2019\/02\/rulerwork_grid.jpg\" class=\"attachment-full size-full\" alt=\"\" loading=\"lazy\" aria-describedby=\"gallery-1-100\" srcset=\"https:\/\/www.perfectstitches.ch\/wp-content\/uploads\/2019\/02\/rulerwork_grid.jpg 800w, https:\/\/www.perfectstitches.ch\/wp-content\/uploads\/2019\/02\/rulerwork_grid-247x300.jpg 247w, https:\/\/www.perfectstitches.ch\/wp-content\/uploads\/2019\/02\/rulerwork_grid-768x934.jpg 768w\" sizes=\"(max-width: 800px) 100vw, 800px\" \/><\/a>\n\t\t\t<\/div>\n\t\t\t\t<figcaption class='wp-caption-text gallery-caption' id='gallery-1-100'>\n\t\t\t\tmehr \u00dcbungen\n\t\t\t\t<\/figcaption><\/figure><figure class='gallery-item'>\n\t\t\t<div class='gallery-icon landscape'>\n\t\t\t\t<a href='https:\/\/www.perfectstitches.ch\/wp-content\/uploads\/2019\/02\/Rulerwork_blume.jpg'><img width=\"800\" height=\"520\" src=\"https:\/\/www.perfectstitches.ch\/wp-content\/uploads\/2019\/02\/Rulerwork_blume.jpg\" class=\"attachment-full size-full\" alt=\"\" loading=\"lazy\" srcset=\"https:\/\/www.perfectstitches.ch\/wp-content\/uploads\/2019\/02\/Rulerwork_blume.jpg 800w, https:\/\/www.perfectstitches.ch\/wp-content\/uploads\/2019\/02\/Rulerwork_blume-300x195.jpg 300w, https:\/\/www.perfectstitches.ch\/wp-content\/uploads\/2019\/02\/Rulerwork_blume-768x499.jpg 768w\" sizes=\"(max-width: 800px) 100vw, 800px\" \/><\/a>\n\t\t\t<\/div><\/figure><figure class='gallery-item'>\n\t\t\t<div class='gallery-icon portrait'>\n\t\t\t\t<a href='https:\/\/www.perfectstitches.ch\/wp-content\/uploads\/2019\/02\/rulerwork_circles.jpg'><img width=\"800\" height=\"1163\" src=\"https:\/\/www.perfectstitches.ch\/wp-content\/uploads\/2019\/02\/rulerwork_circles.jpg\" class=\"attachment-full size-full\" alt=\"\" loading=\"lazy\" srcset=\"https:\/\/www.perfectstitches.ch\/wp-content\/uploads\/2019\/02\/rulerwork_circles.jpg 800w, https:\/\/www.perfectstitches.ch\/wp-content\/uploads\/2019\/02\/rulerwork_circles-206x300.jpg 206w, https:\/\/www.perfectstitches.ch\/wp-content\/uploads\/2019\/02\/rulerwork_circles-768x1116.jpg 768w, https:\/\/www.perfectstitches.ch\/wp-content\/uploads\/2019\/02\/rulerwork_circles-704x1024.jpg 704w\" sizes=\"(max-width: 800px) 100vw, 800px\" \/><\/a>\n\t\t\t<\/div><\/figure><figure class='gallery-item'>\n\t\t\t<div class='gallery-icon portrait'>\n\t\t\t\t<a href='https:\/\/www.perfectstitches.ch\/wp-content\/uploads\/2019\/02\/rulerwork_stars.jpg'><img width=\"800\" height=\"1392\" src=\"https:\/\/www.perfectstitches.ch\/wp-content\/uploads\/2019\/02\/rulerwork_stars.jpg\" class=\"attachment-full size-full\" alt=\"\" loading=\"lazy\" srcset=\"https:\/\/www.perfectstitches.ch\/wp-content\/uploads\/2019\/02\/rulerwork_stars.jpg 800w, https:\/\/www.perfectstitches.ch\/wp-content\/uploads\/2019\/02\/rulerwork_stars-172x300.jpg 172w, https:\/\/www.perfectstitches.ch\/wp-content\/uploads\/2019\/02\/rulerwork_stars-768x1336.jpg 768w, https:\/\/www.perfectstitches.ch\/wp-content\/uploads\/2019\/02\/rulerwork_stars-589x1024.jpg 589w\" sizes=\"(max-width: 800px) 100vw, 800px\" \/><\/a>\n\t\t\t<\/div><\/figure>\n\t\t<\/div>\n<\/figure>\n<p>Rulerwork Sampler &#8211; eine \u00dcbung<\/p>\n<figure class=\"wp-block-image\"><\/figure>\n<p>erste Schritte mit Rulern<\/p>\n<figure class=\"wp-block-image\"><\/figure>\n<p>mehr \u00dcbungen<\/p>\n<figure class=\"wp-block-image\"><img loading=\"lazy\" width=\"1024\" height=\"671\" class=\"wp-image-108\" src=\"http:\/\/www.perfectstitches.ch\/wp-content\/uploads\/2019\/02\/spiral-blumen-klein-1024x671.jpg\" alt=\"\" srcset=\"https:\/\/www.perfectstitches.ch\/wp-content\/uploads\/2019\/02\/spiral-blumen-klein-1024x671.jpg 1024w, https:\/\/www.perfectstitches.ch\/wp-content\/uploads\/2019\/02\/spiral-blumen-klein-300x197.jpg 300w, https:\/\/www.perfectstitches.ch\/wp-content\/uploads\/2019\/02\/spiral-blumen-klein-768x504.jpg 768w, https:\/\/www.perfectstitches.ch\/wp-content\/uploads\/2019\/02\/spiral-blumen-klein.jpg 1606w\" sizes=\"(max-width: 1024px) 100vw, 1024px\" \/><\/figure>\n<p>Allover Muster<\/p>\n<h3>Muster\u00fcbungen<\/h3>\n<div id='gallery-2' class='gallery galleryid-466 gallery-columns-3 gallery-size-large'><figure class='gallery-item'>\n\t\t\t<div class='gallery-icon landscape'>\n\t\t\t\t<a href='https:\/\/www.perfectstitches.ch\/wp-content\/uploads\/2019\/02\/Uebungen7.jpg'><img width=\"800\" height=\"539\" src=\"https:\/\/www.perfectstitches.ch\/wp-content\/uploads\/2019\/02\/Uebungen7.jpg\" class=\"attachment-large size-large\" alt=\"\" loading=\"lazy\" srcset=\"https:\/\/www.perfectstitches.ch\/wp-content\/uploads\/2019\/02\/Uebungen7.jpg 800w, https:\/\/www.perfectstitches.ch\/wp-content\/uploads\/2019\/02\/Uebungen7-300x202.jpg 300w, https:\/\/www.perfectstitches.ch\/wp-content\/uploads\/2019\/02\/Uebungen7-768x517.jpg 768w\" sizes=\"(max-width: 800px) 100vw, 800px\" \/><\/a>\n\t\t\t<\/div><\/figure><figure class='gallery-item'>\n\t\t\t<div class='gallery-icon landscape'>\n\t\t\t\t<a href='https:\/\/www.perfectstitches.ch\/wp-content\/uploads\/2019\/02\/uebungen9.jpg'><img width=\"800\" height=\"772\" src=\"https:\/\/www.perfectstitches.ch\/wp-content\/uploads\/2019\/02\/uebungen9.jpg\" class=\"attachment-large size-large\" alt=\"\" loading=\"lazy\" srcset=\"https:\/\/www.perfectstitches.ch\/wp-content\/uploads\/2019\/02\/uebungen9.jpg 800w, https:\/\/www.perfectstitches.ch\/wp-content\/uploads\/2019\/02\/uebungen9-300x290.jpg 300w, https:\/\/www.perfectstitches.ch\/wp-content\/uploads\/2019\/02\/uebungen9-768x741.jpg 768w\" sizes=\"(max-width: 800px) 100vw, 800px\" \/><\/a>\n\t\t\t<\/div><\/figure><figure class='gallery-item'>\n\t\t\t<div class='gallery-icon landscape'>\n\t\t\t\t<a href='https:\/\/www.perfectstitches.ch\/wp-content\/uploads\/2019\/02\/uebungen8.jpg'><img width=\"800\" height=\"392\" src=\"https:\/\/www.perfectstitches.ch\/wp-content\/uploads\/2019\/02\/uebungen8.jpg\" class=\"attachment-large size-large\" alt=\"\" loading=\"lazy\" srcset=\"https:\/\/www.perfectstitches.ch\/wp-content\/uploads\/2019\/02\/uebungen8.jpg 800w, https:\/\/www.perfectstitches.ch\/wp-content\/uploads\/2019\/02\/uebungen8-300x147.jpg 300w, https:\/\/www.perfectstitches.ch\/wp-content\/uploads\/2019\/02\/uebungen8-768x376.jpg 768w\" sizes=\"(max-width: 800px) 100vw, 800px\" \/><\/a>\n\t\t\t<\/div><\/figure><figure class='gallery-item'>\n\t\t\t<div class='gallery-icon landscape'>\n\t\t\t\t<a href='https:\/\/www.perfectstitches.ch\/wp-content\/uploads\/2019\/02\/uebungen5.jpg'><img width=\"800\" height=\"390\" src=\"https:\/\/www.perfectstitches.ch\/wp-content\/uploads\/2019\/02\/uebungen5.jpg\" class=\"attachment-large size-large\" alt=\"\" loading=\"lazy\" srcset=\"https:\/\/www.perfectstitches.ch\/wp-content\/uploads\/2019\/02\/uebungen5.jpg 800w, https:\/\/www.perfectstitches.ch\/wp-content\/uploads\/2019\/02\/uebungen5-300x146.jpg 300w, https:\/\/www.perfectstitches.ch\/wp-content\/uploads\/2019\/02\/uebungen5-768x374.jpg 768w\" sizes=\"(max-width: 800px) 100vw, 800px\" \/><\/a>\n\t\t\t<\/div><\/figure><figure class='gallery-item'>\n\t\t\t<div class='gallery-icon landscape'>\n\t\t\t\t<a href='https:\/\/www.perfectstitches.ch\/wp-content\/uploads\/2019\/02\/uebungen4.jpg'><img width=\"800\" height=\"788\" src=\"https:\/\/www.perfectstitches.ch\/wp-content\/uploads\/2019\/02\/uebungen4.jpg\" class=\"attachment-large size-large\" alt=\"\" loading=\"lazy\" srcset=\"https:\/\/www.perfectstitches.ch\/wp-content\/uploads\/2019\/02\/uebungen4.jpg 800w, https:\/\/www.perfectstitches.ch\/wp-content\/uploads\/2019\/02\/uebungen4-300x296.jpg 300w, https:\/\/www.perfectstitches.ch\/wp-content\/uploads\/2019\/02\/uebungen4-768x756.jpg 768w\" sizes=\"(max-width: 800px) 100vw, 800px\" \/><\/a>\n\t\t\t<\/div><\/figure>\n\t\t<\/div>\n\n<p>&nbsp;<\/p>\n<p>&nbsp;<\/p>\n","protected":false},"excerpt":{"rendered":"<p>Longarm Quilting auf der Bernina Q24 Rulerwork Sampler &#8211; eine \u00dcbung erste Schritte mit Rulern mehr \u00dcbungen Allover Muster Muster\u00fcbungen &nbsp; &nbsp;<\/p>\n","protected":false},"author":3,"featured_media":0,"parent":10,"menu_order":20,"comment_status":"closed","ping_status":"closed","template":"","meta":[],"_links":{"self":[{"href":"https:\/\/www.perfectstitches.ch\/index.php?rest_route=\/wp\/v2\/pages\/466"}],"collection":[{"href":"https:\/\/www.perfectstitches.ch\/index.php?rest_route=\/wp\/v2\/pages"}],"about":[{"href":"https:\/\/www.perfectstitches.ch\/index.php?rest_route=\/wp\/v2\/types\/page"}],"author":[{"embeddable":true,"href":"https:\/\/www.perfectstitches.ch\/index.php?rest_route=\/wp\/v2\/users\/3"}],"replies":[{"embeddable":true,"href":"https:\/\/www.perfectstitches.ch\/index.php?rest_route=%2Fwp%2Fv2%2Fcomments&post=466"}],"version-history":[{"count":2,"href":"https:\/\/www.perfectstitches.ch\/index.php?rest_route=\/wp\/v2\/pages\/466\/revisions"}],"predecessor-version":[{"id":469,"href":"https:\/\/www.perfectstitches.ch\/index.php?rest_route=\/wp\/v2\/pages\/466\/revisions\/469"}],"up":[{"embeddable":true,"href":"https:\/\/www.perfectstitches.ch\/index.php?rest_route=\/wp\/v2\/pages\/10"}],"wp:attachment":[{"href":"https:\/\/www.perfectstitches.ch\/index.php?rest_route=%2Fwp%2Fv2%2Fmedia&parent=466"}],"curies":[{"name":"wp","href":"https:\/\/api.w.org\/{rel}","templated":true}]}}